{"id":973,"date":"2021-10-16T01:27:20","date_gmt":"2021-10-16T01:27:20","guid":{"rendered":"https:\/\/webgiadung.khothemewp.vn\/?post_type=product&#038;p=973"},"modified":"2021-10-16T01:29:11","modified_gmt":"2021-10-16T01:29:11","slug":"noi-chien-khong-dau-hatix-g15-9","status":"publish","type":"product","link":"https:\/\/giadung6.mauthemewp.com\/?product=noi-chien-khong-dau-hatix-g15-9","title":{"rendered":"N\u1ed3i chi\u00ean kh\u00f4ng d\u1ea7u Hatix G15"},"content":{"rendered":"<p>M\u00e1y \u00e9p ch\u1eadm Unie UE-580 \u1ee9ng d\u1ee5ng c\u00f4ng ngh\u1ec7 \u00e9p ch\u1eadm th\u00f4ng minh, kh\u00f4ng sinh nhi\u1ec7t, gi\u00fap b\u1ea3o to\u00e0n 100% d\u01b0\u1ee1ng ch\u1ea5t c\u00f3 trong nguy\u00ean li\u1ec7u t\u01b0\u01a1i, mang t\u1edbi nh\u1eefng ly n\u01b0\u1edbc \u00e9p t\u01b0\u01a1i ngon v\u1edbi dinh d\u01b0\u1ee1ng b\u1ea3o \u0111\u1ea3m an to\u00e0n.<\/p>\n<h2>\u0110\u1eb6C \u0110I\u1ec2M N\u1ed4I B\u1eacT C\u1ee6A M\u00c1Y \u00c9P CH\u1eacM hatix c6<\/h2>\n<p>\u00c9p ch\u1eadm th\u00f4ng minh, v\u1eb9n nguy\u00ean d\u01b0\u1ee1ng ch\u1ea5t<\/p>\n<p>C\u00f3 th\u1ec3 b\u1ea1n ch\u01b0a bi\u1ebft, c\u00e1c enzym, vitamin trong rau, c\u1ee7, qu\u1ea3 t\u01b0\u01a1i r\u1ea5t d\u1ec5 b\u1ecb ph\u00e1 v\u1ee1 b\u1edfi nhi\u1ec7t \u0111\u1ed9. \u1ede m\u00f4i tr\u01b0\u1eddng kho\u1ea3ng 60 \u0111\u1ed9 C, c\u00e1c d\u01b0\u1ee1ng ch\u1ea5t qu\u00fd gi\u00e1 n\u00e0y \u0111\u00e3 c\u00f3 th\u1ec3 b\u1ecb ph\u00e1 hu\u1ef7, bi\u1ebfn ch\u1ea5t v\u00e0 m\u1ea5t \u0111i ho\u00e0n to\u00e0n.<\/p>\n<p>Kh\u00e1c bi\u1ec7t ho\u00e0n to\u00e0n v\u1edbi nh\u1eefng d\u00f2ng m\u00e1y \u00e9p nhanh tr\u00ean th\u1ecb tr\u01b0\u1eddng, nghi\u1ec1n \u00e9p nguy\u00ean li\u1ec7u b\u1eb1ng l\u01b0\u1ee1i dao v\u00e0 t\u1ea1o nhi\u1ec7t \u0111\u1ed9 cao, l\u00e0m m\u1ea5t d\u01b0\u1ee1ng ch\u1ea5t, vitamin, enzym trong rau c\u1ee7, m\u00e1y \u00e9p Unie UE-580 \u1ee9ng d\u1ee5ng c\u00f4ng ngh\u1ec7 \u00e9p ch\u1eadm th\u00f4ng minh, nghi\u1ec1n \u00e9p nguy\u00ean li\u1ec7u b\u1eb1ng \u00e1p l\u1ef1c c\u1ee7a tr\u1ee5c v\u00edt kho\u1ebb kho\u1eafn, kh\u00f4ng sinh ra nhi\u1ec7t \u0111\u1ed9 cao, t\u1eeb \u0111\u00f3 gi\u1eef l\u1ea1i t\u1ed1i \u0111a c\u00e1c enzym, vitamin v\u00e0 c\u00e1c d\u01b0\u1ee1ng ch\u1ea5t kh\u00e1c trong rau c\u1ee7 qu\u1ea3.<\/p>\n<p>Tho\u1ea3 s\u1ee9c \u00e9p nguy\u00ean tr\u00e1i v\u1edbi \u1ed1ng \u00e9p r\u1ed9ng 75mm v\u00e0 l\u01b0\u1ee1i dao \u0111i k\u00e8m M\u00e1y \u00e9p ch\u1eadm Unie UE-580 c\u00f3 thi\u1ebft k\u1ebf c\u1ef1c k\u1ef3 th\u00f4ng minh v\u00e0 \u0111\u1ed9c \u0111\u00e1o, \u00f4ng ti\u1ebfp nguy\u00ean li\u1ec7u c\u1ee7a m\u00e1y c\u00f3 d\u1ea1ng tr\u1ee5 tr\u00f2n nghi\u00eang v\u1edbi \u0111\u01b0\u1eddng k\u00ednh l\u00ean \u0111\u1ebfn 75mm, \u1edf ph\u1ea7n gi\u1eefa \u1ed1ng ti\u1ebfp nguy\u00ean li\u1ec7u c\u00f2n \u0111\u01b0\u1ee3c trang b\u1ecb m\u1ed9t l\u01b0\u1ee1i dao s\u1eafc, gi\u00fap c\u00f3 th\u1ec3 x\u1eed l\u00fd nguy\u00ean li\u1ec7u m\u1ed9t c\u00e1ch d\u1ec5 d\u00e0ng. C\u0169ng nh\u1edd thi\u1ebft k\u1ebf n\u00e0y, b\u1ea1n c\u00f3 th\u1ec3 \u00e9p nguy\u00ean tr\u00e1i m\u00e0 kh\u00f4ng c\u1ea7n c\u1eaft nh\u1ecf, r\u1ea5t ti\u1ebft ki\u1ec7m th\u1eddi gian v\u00e0 ti\u1ec7n l\u1ee3i.<\/p>\n<p>Thi\u1ebft k\u1ebf thanh l\u1ecbch, ch\u1eafc ch\u1eafn M\u00e1y ho\u1ea1t \u0111\u1ed9ng ch\u1eafc ch\u1eafn v\u1edbi b\u1ed1n ch\u00e2n \u0111\u1ebf cao su b\u00e1n ch\u1eafc b\u1ec1 m\u1eb7t. T\u1ed5ng th\u1ec3 m\u00e1y l\u00e0 m\u00e0u ghi sang tr\u1ecdng, thanh l\u1ecbch v\u1edbi thi\u1ebft k\u1ebf hi\u1ec7n \u0111\u1ea1i, t\u1ed1i gi\u1ea3n n\u00ean ph\u00f9 h\u1ee3p v\u1edbi nhi\u1ec1u kh\u00f4ng gian kh\u00e1c nhau. Chi\u1ebfc m\u00e1y n\u00e0y ch\u1eafc ch\u1eafn s\u1ebd tr\u1edf th\u00e0nh \u0111i\u1ec3m nh\u1ea5n n\u1ed9i th\u1ea5t n\u1ed5i b\u1eadt trong kh\u00f4ng gian b\u1ebfp c\u1ee7a m\u1ed7i gia \u0111\u00ecnh.<\/p>\n<p><img loading=\"lazy\" decoding=\"async\" class=\"aligncenter wp-image-965 size-full\" src=\"https:\/\/webgiadung.khothemewp.vn\/wp-content\/uploads\/2021\/10\/cc3.jpg\" alt=\"\" width=\"1170\" height=\"478\" srcset=\"https:\/\/giadung6.mauthemewp.com\/wp-content\/uploads\/2021\/10\/cc3.jpg 1170w, https:\/\/giadung6.mauthemewp.com\/wp-content\/uploads\/2021\/10\/cc3-800x327.jpg 800w, https:\/\/giadung6.mauthemewp.com\/wp-content\/uploads\/2021\/10\/cc3-768x314.jpg 768w, https:\/\/giadung6.mauthemewp.com\/wp-content\/uploads\/2021\/10\/cc3-600x245.jpg 600w\" sizes=\"(max-width: 1170px) 100vw, 1170px\" \/><\/p>\n<p>&nbsp;<\/p>\n","protected":false},"excerpt":{"rendered":"<p>M\u00e1y \u00e9p ch\u1eadm Unie UE-580 \u1ee9ng d\u1ee5ng c\u00f4ng ngh\u1ec7 \u00e9p ch\u1eadm th\u00f4ng minh, kh\u00f4ng sinh nhi\u1ec7t, gi\u00fap b\u1ea3o to\u00e0n 100% d\u01b0\u1ee1ng ch\u1ea5t c\u00f3 trong nguy\u00ean li\u1ec7u t\u01b0\u01a1i, mang t\u1edbi nh\u1eefng ly n\u01b0\u1edbc \u00e9p t\u01b0\u01a1i ngon v\u1edbi dinh d\u01b0\u1ee1ng b\u1ea3o \u0111\u1ea3m an to\u00e0n.<\/p>\n","protected":false},"featured_media":960,"comment_status":"open","ping_status":"closed","template":"","meta":[],"product_cat":[15,116,115,114],"product_tag":[],"class_list":{"0":"post-973","1":"product","2":"type-product","3":"status-publish","4":"has-post-thumbnail","6":"product_cat-san-pham","7":"product_cat-may-ep-cham-hatix","8":"product_cat-may-xay-hatix","9":"product_cat-noi-chien-khong-dau","11":"first","12":"instock","13":"shipping-taxable","14":"product-type-simple"},"_links":{"self":[{"href":"https:\/\/giadung6.mauthemewp.com\/index.php?rest_route=\/wp\/v2\/product\/973"}],"collection":[{"href":"https:\/\/giadung6.mauthemewp.com\/index.php?rest_route=\/wp\/v2\/product"}],"about":[{"href":"https:\/\/giadung6.mauthemewp.com\/index.php?rest_route=\/wp\/v2\/types\/product"}],"replies":[{"embeddable":true,"href":"https:\/\/giadung6.mauthemewp.com\/index.php?rest_route=%2Fwp%2Fv2%2Fcomments&post=973"}],"wp:featuredmedia":[{"embeddable":true,"href":"https:\/\/giadung6.mauthemewp.com\/index.php?rest_route=\/wp\/v2\/media\/960"}],"wp:attachment":[{"href":"https:\/\/giadung6.mauthemewp.com\/index.php?rest_route=%2Fwp%2Fv2%2Fmedia&parent=973"}],"wp:term":[{"taxonomy":"product_cat","embeddable":true,"href":"https:\/\/giadung6.mauthemewp.com\/index.php?rest_route=%2Fwp%2Fv2%2Fproduct_cat&post=973"},{"taxonomy":"product_tag","embeddable":true,"href":"https:\/\/giadung6.mauthemewp.com\/index.php?rest_route=%2Fwp%2Fv2%2Fproduct_tag&post=973"}],"curies":[{"name":"wp","href":"https:\/\/api.w.org\/{rel}","templated":true}]}}